{"id":87,"date":"2017-06-27T10:25:12","date_gmt":"2017-06-27T10:25:12","guid":{"rendered":"http:\/\/new.skyviewattractions.com\/?page_id=87"},"modified":"2023-11-13T16:15:56","modified_gmt":"2023-11-13T15:15:56","slug":"over-ons","status":"publish","type":"page","link":"https:\/\/skyviewdepier.nl\/de\/over-ons\/","title":{"rendered":"\u00dcber uns"},"content":{"rendered":"<div data-vc-full-width=\"true\" data-vc-full-width-init=\"false\" class=\"vc_row wpb_row vc_row-fluid vc_custom_1629798989512 vc_row-has-fill\"><div class=\"wpb_column vc_column_container vc_col-sm-12 sc_layouts_column_icons_position_left\"><div class=\"vc_column-inner\"><div class=\"wpb_wrapper\"><div class=\"vc_empty_space  height_medium\"   style=\"height: 32px\"><span class=\"vc_empty_space_inner\"><\/span><\/div><div id=\"sc_content_1635464379\"\n\t\tclass=\"sc_content color_style_default sc_content_grey sc_float_center\"><div class=\"sc_content_container\"><div class=\"vc_row wpb_row vc_inner vc_row-fluid\"><div class=\"wpb_column vc_column_container vc_col-sm-6 sc_layouts_column_icons_position_left\"><div class=\"vc_column-inner\"><div class=\"wpb_wrapper\">\n\t<div  class=\"wpb_single_image wpb_content_element vc_align_left\">\n\t\t\n\t\t<figure class=\"wpb_wrapper vc_figure\">\n\t\t\t<div class=\"vc_single_image-wrapper vc_box_circle  vc_box_border_grey\"><img loading=\"lazy\" decoding=\"async\" class=\"vc_single_image-img\" src=\"https:\/\/skyviewdepier.nl\/wp-content\/uploads\/2020\/01\/2020_aboutus_page-569x569.jpg\" width=\"569\" height=\"569\" alt=\"2020_aboutus_page\" title=\"2020_aboutus_page\" \/><\/div>\n\t\t<\/figure>\n\t<\/div>\n<\/div><\/div><\/div><div class=\"wpb_column vc_column_container vc_col-sm-6 vc_col-md-offset-1 vc_col-md-5 sc_layouts_column_icons_position_left\"><div class=\"vc_column-inner\"><div class=\"wpb_wrapper\"><div id=\"sc_title_1487572422\"\n\t\tclass=\"sc_title color_style_default sc_title_default\"><h6 class=\"sc_item_subtitle sc_title_subtitle sc_align_left sc_item_title_style_default\">Enjoy your flight!<\/h6><h2 class=\"sc_item_title sc_title_title sc_align_left sc_item_title_style_default sc_item_title_tag\">Ein einzigartiges <i>Lage<\/i>\u00fcber der Nordsee<\/h2><div class=\"sc_item_descr sc_title_descr sc_align_left\"><p>... und eine tolle Erfahrung<\/p>\n<p>SkyView the Pier ist Europas ber\u00fchmtestes und luxuri\u00f6sestes Riesenrad und wurde 8 Meter \u00fcber der Nordsee in Scheveningen gebaut. Fliegen Sie mit uns in eine H\u00f6he von 50 Metern und genie\u00dfen Sie den fantastischen Blick \u00fcber Land und Meer!<\/p>\n<p>Ein Flug mit SkyView de Pier dauert zwischen 12 und 15 Minuten und Sie haben immer eine private Gondel f\u00fcr sich, Freunde und Familie.<\/p>\n<\/div><\/div><!-- \/.sc_title --><div class=\"vc_empty_space  vc_custom_1502806839089 height_medium\"   style=\"height: 32px\"><span class=\"vc_empty_space_inner\"><\/span><\/div><div id=\"sc_title_826139953\"\n\t\tclass=\"sc_title color_style_default sc_title_default small\"><h6 class=\"sc_item_subtitle sc_title_subtitle sc_align_left sc_item_title_style_default\">SkyView Service Team<\/h6><\/div><!-- \/.sc_title --><\/div><\/div><\/div><\/div><\/div><\/div><!-- \/.sc_content --><div class=\"vc_empty_space  height_medium\"   style=\"height: 32px\"><span class=\"vc_empty_space_inner\"><\/span><\/div><\/div><\/div><\/div><\/div><div class=\"vc_row-full-width vc_clearfix\"><\/div><div data-vc-full-width=\"true\" data-vc-full-width-init=\"false\" class=\"vc_row wpb_row vc_row-fluid vc_custom_1579264095805 vc_row-has-fill\"><div class=\"wpb_column vc_column_container vc_col-sm-12 sc_layouts_column_icons_position_left\"><div class=\"vc_column-inner\"><div class=\"wpb_wrapper\"><div class=\"vc_empty_space  height_medium\"   style=\"height: 32px\"><span class=\"vc_empty_space_inner\"><\/span><\/div><div id=\"sc_services_604004265\" class=\"sc_services color_style_default sc_services_light sc_services_featured_top\"><h6 class=\"sc_item_subtitle sc_services_subtitle sc_align_center sc_item_title_style_default\">Mehr als nur ein Riesenrad<\/h6><h2 class=\"sc_item_title sc_services_title sc_align_center sc_item_title_style_default sc_item_title_tag\">Tripadvisor #1!<\/h2><div class=\"sc_item_descr sc_services_descr sc_align_center\"><p>Ein Besuch bei SkyView de Pier darf w\u00e4hrend Ihres Tages in Scheveningen nicht fehlen. Unser einzigartiges und luxuri\u00f6ses Riesenrad bietet geschlossene Gondeln mit Klimaanlage und bequemen Sofas. Auf diese Weise wird Ihr Flug nicht von Wettereinfl\u00fcssen beeinflusst, sodass Sie eine gro\u00dfartige Aussicht auf Land und diese genie\u00dfen k\u00f6nnen!<\/p>\n<\/div><div class=\"sc_services_columns_wrap sc_item_columns sc_item_columns_6 trx_addons_columns_wrap columns_padding_bottom\"><div class=\"trx_addons_column-1_6\"><div class=\"sc_services_item without_content with_icon sc_services_item_featured_top\">\n\t<a href=\"https:\/\/skyviewdepier.nl\/de\/services\/openingstijden\/\"\n\t\t\t id=\"sc_services_604004265_icon-clock-empty\"\n\t\t\t class=\"sc_services_item_icon icon-clock-empty\"><\/a>\t\n\t<div class=\"sc_services_item_info\">\n\t\t<div class=\"sc_services_item_header\">\n\t\t\t\t\t\t<h6 class=\"sc_services_item_title\"><a href=\"https:\/\/skyviewdepier.nl\/de\/services\/openingstijden\/\">openingstijden<\/a><\/h6>\n\t\t\t<div class=\"sc_services_item_subtitle\"><a href=\"https:\/\/skyviewdepier.nl\/de\/services_group\/icons-homepage\/\" title=\"View all posts in ICONS-HOMEPAGE\">ICONS-HOMEPAGE<\/a><\/div>\t\t<\/div>\n\t\t\t<\/div>\n<\/div>\n<\/div><div class=\"trx_addons_column-1_6\"><div class=\"sc_services_item without_content with_icon sc_services_item_featured_top\">\n\t<a href=\"https:\/\/skyviewdepier.nl\/de\/services\/service-with-a-smile\/\"\n\t\t\t id=\"sc_services_604004265_icon-users-group\"\n\t\t\t class=\"sc_services_item_icon icon-users-group\"><\/a>\t\n\t<div class=\"sc_services_item_info\">\n\t\t<div class=\"sc_services_item_header\">\n\t\t\t\t\t\t<h6 class=\"sc_services_item_title\"><a href=\"https:\/\/skyviewdepier.nl\/de\/services\/service-with-a-smile\/\">Service with a smile<\/a><\/h6>\n\t\t\t<div class=\"sc_services_item_subtitle\"><a href=\"https:\/\/skyviewdepier.nl\/de\/services_group\/icons-homepage\/\" title=\"View all posts in ICONS-HOMEPAGE\">ICONS-HOMEPAGE<\/a><\/div>\t\t<\/div>\n\t\t\t<\/div>\n<\/div>\n<\/div><div class=\"trx_addons_column-1_6\"><div class=\"sc_services_item without_content with_icon sc_services_item_featured_top\">\n\t<a href=\"https:\/\/skyviewdepier.nl\/de\/services\/terras-met-beach-bar\/\"\n\t\t\t id=\"sc_services_604004265_icon-icon5\"\n\t\t\t class=\"sc_services_item_icon icon-icon5\"><\/a>\t\n\t<div class=\"sc_services_item_info\">\n\t\t<div class=\"sc_services_item_header\">\n\t\t\t\t\t\t<h6 class=\"sc_services_item_title\"><a href=\"https:\/\/skyviewdepier.nl\/de\/services\/terras-met-beach-bar\/\">Terrasse mit Strandbar<\/a><\/h6>\n\t\t\t<div class=\"sc_services_item_subtitle\"><a href=\"https:\/\/skyviewdepier.nl\/de\/services_group\/icons-homepage\/\" title=\"View all posts in ICONS-HOMEPAGE\">ICONS-HOMEPAGE<\/a><\/div>\t\t<\/div>\n\t\t\t<\/div>\n<\/div>\n<\/div><div class=\"trx_addons_column-1_6\"><div class=\"sc_services_item without_content with_icon sc_services_item_featured_top\">\n\t<a href=\"https:\/\/skyviewdepier.nl\/de\/services\/veiligheid\/\"\n\t\t\t id=\"sc_services_604004265_icon-thumbs-up\"\n\t\t\t class=\"sc_services_item_icon icon-thumbs-up\"><\/a>\t\n\t<div class=\"sc_services_item_info\">\n\t\t<div class=\"sc_services_item_header\">\n\t\t\t\t\t\t<h6 class=\"sc_services_item_title\"><a href=\"https:\/\/skyviewdepier.nl\/de\/services\/veiligheid\/\">100% sicher, t\u00e4glich \u00fcberpr\u00fcft<\/a><\/h6>\n\t\t\t<div class=\"sc_services_item_subtitle\"><a href=\"https:\/\/skyviewdepier.nl\/de\/services_group\/icons-homepage\/\" title=\"View all posts in ICONS-HOMEPAGE\">ICONS-HOMEPAGE<\/a><\/div>\t\t<\/div>\n\t\t\t<\/div>\n<\/div>\n<\/div><div class=\"trx_addons_column-1_6\"><div class=\"sc_services_item without_content with_icon sc_services_item_featured_top\">\n\t<a href=\"https:\/\/skyviewdepier.nl\/de\/services\/gesloten-gondels\/\"\n\t\t\t id=\"sc_services_604004265_icon-spin4\"\n\t\t\t class=\"sc_services_item_icon icon-spin4\"><\/a>\t\n\t<div class=\"sc_services_item_info\">\n\t\t<div class=\"sc_services_item_header\">\n\t\t\t\t\t\t<h6 class=\"sc_services_item_title\"><a href=\"https:\/\/skyviewdepier.nl\/de\/services\/gesloten-gondels\/\">Komfortable geschlossene Gondeln<\/a><\/h6>\n\t\t\t<div class=\"sc_services_item_subtitle\"><a href=\"https:\/\/skyviewdepier.nl\/de\/services_group\/icons-homepage\/\" title=\"View all posts in ICONS-HOMEPAGE\">ICONS-HOMEPAGE<\/a><\/div>\t\t<\/div>\n\t\t\t<\/div>\n<\/div>\n<\/div><div class=\"trx_addons_column-1_6\"><div class=\"sc_services_item without_content with_icon sc_services_item_featured_top\">\n\t<a href=\"https:\/\/skyviewdepier.nl\/de\/services\/hoe-is-skyview-de-pier-gebouwd\/\"\n\t\t\t id=\"sc_services_604004265_icon-wrench\"\n\t\t\t class=\"sc_services_item_icon icon-wrench\"><\/a>\t\n\t<div class=\"sc_services_item_info\">\n\t\t<div class=\"sc_services_item_header\">\n\t\t\t\t\t\t<h6 class=\"sc_services_item_title\"><a href=\"https:\/\/skyviewdepier.nl\/de\/services\/hoe-is-skyview-de-pier-gebouwd\/\">Wie ist SkyView the Pier aufgebaut?<\/a><\/h6>\n\t\t\t<div class=\"sc_services_item_subtitle\"><a href=\"https:\/\/skyviewdepier.nl\/de\/services_group\/icons-homepage\/\" title=\"View all posts in ICONS-HOMEPAGE\">ICONS-HOMEPAGE<\/a><\/div>\t\t<\/div>\n\t\t\t<\/div>\n<\/div>\n<\/div><\/div><\/div><!-- \/.sc_services --><div class=\"sc_item_button sc_button_wrap sc_align_center\"><a href=\"https:\/\/skyviewpier.combiv2.ticketcounter.eu\/nl-NL\/tickets?journey=entreetickets\" id=\"sc_button_184220638\" class=\"sc_button color_style_default sc_button_default sc_button_size_normal sc_button_icon_left\" target=\"_blank\"><span class=\"sc_button_text\"><span class=\"sc_button_title\">Kaufen Sie Ihre Tickets<\/span><\/span><!-- \/.sc_button_text --><\/a><!-- \/.sc_button --><\/div><!-- \/.sc_item_button --><div class=\"vc_empty_space  height_medium\"   style=\"height: 32px\"><span class=\"vc_empty_space_inner\"><\/span><\/div><\/div><\/div><\/div><\/div><div class=\"vc_row-full-width vc_clearfix\"><\/div><div class=\"vc_row wpb_row vc_row-fluid\"><div class=\"wpb_column vc_column_container vc_col-sm-12 sc_layouts_column_icons_position_left\"><div class=\"vc_column-inner\"><div class=\"wpb_wrapper\"><div class=\"vc_empty_space  height_medium\"   style=\"height: 32px\"><span class=\"vc_empty_space_inner\"><\/span><\/div><div class=\"sc_layouts sc_layouts_default sc_layouts_393\"><div class=\"vc_row wpb_row vc_row-fluid\"><div class=\"wpb_column vc_column_container vc_col-sm-12 sc_layouts_column_icons_position_left\"><div class=\"vc_column-inner\"><div class=\"wpb_wrapper\"><div class=\"sc_testimonials color_style_default sc_testimonials_default\"><h2 class=\"sc_item_title sc_testimonials_title sc_align_left sc_item_title_style_default sc_item_title_tag\">Bewertungen von unseren G\u00e4sten<\/h2><div class=\"sc_testimonials_slider sc_item_slider slider_swiper_outer slider_outer slider_outer_nocontrols slider_outer_pagination slider_outer_pagination_bullets slider_outer_pagination_pos_bottom slider_outer_one\">\n\t<div class=\"slider_container swiper-slider-container slider_swiper slider_noresize slider_nocontrols slider_pagination slider_pagination_bullets slider_pagination_pos_bottom slider_one\" data-slides-min-width=\"290\" data-pagination=\"bullets\">\n\t\t<div class=\"slides slider-wrapper swiper-wrapper sc_item_columns_1\"><div class=\"slider-slide swiper-slide\"><div class=\"sc_testimonials_item\">\n\t<div class=\"sc_testimonials_item_content\"><p>Das Personal war freundlich und es war eine tolle Atmosph\u00e4re. Das Essen war lecker. Die Aussicht war wundersch\u00f6n und der Service war ausgezeichnet.<\/p>\n<div class=\"sc_testimonials_item_author\">\n            <div class=\"sc_testimonials_item_author_data\">\n                <h4 class=\"sc_testimonials_item_author_title\">The Fork &amp; Tripadvisor<\/h4>\n                <div class=\"sc_testimonials_item_author_subtitle\"><\/div>\n            <\/div>\n        <\/div><\/div>\n            <div class=\"sc_testimonials_item_author_avatar\"><img loading=\"lazy\" decoding=\"async\" width=\"100\" height=\"100\" src=\"https:\/\/skyviewdepier.nl\/wp-content\/uploads\/2017\/06\/2020_small_testimonial_03.jpg\" class=\"attachment-playa-thumb-tiny size-playa-thumb-tiny wp-post-image\" alt=\"The Fork &#038; Tripadvisor\" \/><\/div>\n    \n<\/div>\n<\/div><div class=\"slider-slide swiper-slide\"><div class=\"sc_testimonials_item\">\n\t<div class=\"sc_testimonials_item_content\"><p>Heizungs-, Licht- und Serviceknopf in der Kabine. Waren etwas fr\u00fcher anwesend, wurden aber sofort geholfen.<\/p>\n<div class=\"sc_testimonials_item_author\">\n            <div class=\"sc_testimonials_item_author_data\">\n                <h4 class=\"sc_testimonials_item_author_title\">The Fork &amp; Tripadvisor<\/h4>\n                <div class=\"sc_testimonials_item_author_subtitle\"><\/div>\n            <\/div>\n        <\/div><\/div>\n            <div class=\"sc_testimonials_item_author_avatar\"><img loading=\"lazy\" decoding=\"async\" width=\"100\" height=\"100\" src=\"https:\/\/skyviewdepier.nl\/wp-content\/uploads\/2017\/06\/2020_small_testimonial_01.jpg\" class=\"attachment-playa-thumb-tiny size-playa-thumb-tiny wp-post-image\" alt=\"The Fork &#038; Tripadvisor\" \/><\/div>\n    \n<\/div>\n<\/div><div class=\"slider-slide swiper-slide\"><div class=\"sc_testimonials_item\">\n\t<div class=\"sc_testimonials_item_content\"><p>Netter Empfang. Gerichte schmeckten wirklich gut mit dieser sch\u00f6nen Aussicht! Wir haben die ganze Zeit in der Gondel verbracht, insgesamt 2 Stunden darin verbracht. Sch\u00f6n im Voraus dekoriert.<\/p>\n<div class=\"sc_testimonials_item_author\">\n            <div class=\"sc_testimonials_item_author_data\">\n                <h4 class=\"sc_testimonials_item_author_title\">The Fork &amp; Tripadvisor<\/h4>\n                <div class=\"sc_testimonials_item_author_subtitle\"><\/div>\n            <\/div>\n        <\/div><\/div>\n            <div class=\"sc_testimonials_item_author_avatar\"><img loading=\"lazy\" decoding=\"async\" width=\"100\" height=\"100\" src=\"https:\/\/skyviewdepier.nl\/wp-content\/uploads\/2017\/06\/2020_small_testimonial_01.jpg\" class=\"attachment-playa-thumb-tiny size-playa-thumb-tiny wp-post-image\" alt=\"The Fork &#038; Tripadvisor\" \/><\/div>\n    \n<\/div>\n<\/div><div class=\"slider-slide swiper-slide\"><div class=\"sc_testimonials_item\">\n\t<div class=\"sc_testimonials_item_content\"><p>Wirklich zu empfehlen !! Es ist eine sehr sch\u00f6ne Erfahrung, im Skyview zu essen! Gutes Essen, sch\u00f6ne Aussicht und nettes Personal, das die ganze Fahrt f\u00fcr Sie bereit ist.<\/p>\n<div class=\"sc_testimonials_item_author\">\n            <div class=\"sc_testimonials_item_author_data\">\n                <h4 class=\"sc_testimonials_item_author_title\">The Fork &amp; Tripadvisor<\/h4>\n                <div class=\"sc_testimonials_item_author_subtitle\"><\/div>\n            <\/div>\n        <\/div><\/div>\n            <div class=\"sc_testimonials_item_author_avatar\"><img loading=\"lazy\" decoding=\"async\" width=\"100\" height=\"100\" src=\"https:\/\/skyviewdepier.nl\/wp-content\/uploads\/2017\/06\/2020_small_testimonial_02.jpg\" class=\"attachment-playa-thumb-tiny size-playa-thumb-tiny wp-post-image\" alt=\"The Fork &#038; Tripadvisor\" \/><\/div>\n    \n<\/div>\n<\/div><div class=\"slider-slide swiper-slide\"><div class=\"sc_testimonials_item\">\n\t<div class=\"sc_testimonials_item_content\"><p>Super gem\u00fctliche Draufsicht und als Bonus gab es ein umfangreiches Feuerwerk. Das Personal war super nett. Sehr zu empfehlen. Danke f\u00fcr die Gastfreundschaft<\/p>\n<div class=\"sc_testimonials_item_author\">\n            <div class=\"sc_testimonials_item_author_data\">\n                <h4 class=\"sc_testimonials_item_author_title\">The Fork &amp; Tripadvisor<\/h4>\n                <div class=\"sc_testimonials_item_author_subtitle\"><\/div>\n            <\/div>\n        <\/div><\/div>\n            <div class=\"sc_testimonials_item_author_avatar\"><img loading=\"lazy\" decoding=\"async\" width=\"100\" height=\"100\" src=\"https:\/\/skyviewdepier.nl\/wp-content\/uploads\/2017\/06\/2020_small_testimonial_03.jpg\" class=\"attachment-playa-thumb-tiny size-playa-thumb-tiny wp-post-image\" alt=\"The Fork &#038; Tripadvisor\" \/><\/div>\n    \n<\/div>\n<\/div><\/div><\/div><div class=\"slider_pagination_wrap swiper-pagination\"><\/div><\/div><\/div><!-- \/.sc_testimonials --><\/div><\/div><\/div><\/div><\/div><div class=\"vc_empty_space  height_medium\"   style=\"height: 32px\"><span class=\"vc_empty_space_inner\"><\/span><\/div><\/div><\/div><\/div><\/div>","protected":false},"excerpt":{"rendered":"Super gem\u00fctliche Draufsicht und als Bonus gab es ein umfangreiches Feuerwerk. Das Personal war super nett. Sehr zu empfehlen. Danke f\u00fcr die Gastfreundschaft","protected":false},"author":990002,"featured_media":0,"parent":0,"menu_order":0,"comment_status":"closed","ping_status":"closed","template":"","meta":{"footnotes":""},"class_list":["post-87","page","type-page","status-publish","hentry"],"_links":{"self":[{"href":"https:\/\/skyviewdepier.nl\/de\/wp-json\/wp\/v2\/pages\/87","targetHints":{"allow":["GET"]}}],"collection":[{"href":"https:\/\/skyviewdepier.nl\/de\/wp-json\/wp\/v2\/pages"}],"about":[{"href":"https:\/\/skyviewdepier.nl\/de\/wp-json\/wp\/v2\/types\/page"}],"author":[{"embeddable":true,"href":"https:\/\/skyviewdepier.nl\/de\/wp-json\/wp\/v2\/users\/990002"}],"replies":[{"embeddable":true,"href":"https:\/\/skyviewdepier.nl\/de\/wp-json\/wp\/v2\/comments?post=87"}],"version-history":[{"count":56,"href":"https:\/\/skyviewdepier.nl\/de\/wp-json\/wp\/v2\/pages\/87\/revisions"}],"predecessor-version":[{"id":2082,"href":"https:\/\/skyviewdepier.nl\/de\/wp-json\/wp\/v2\/pages\/87\/revisions\/2082"}],"wp:attachment":[{"href":"https:\/\/skyviewdepier.nl\/de\/wp-json\/wp\/v2\/media?parent=87"}],"curies":[{"name":"wp","href":"https:\/\/api.w.org\/{rel}","templated":true}]}}